{"id":364,"date":"2018-09-23T21:18:41","date_gmt":"2018-09-23T18:18:41","guid":{"rendered":"https:\/\/uz.kocaeliaritma.com\/?page_id=364"},"modified":"2018-11-13T11:40:50","modified_gmt":"2018-11-13T08:40:50","slug":"aritma","status":"publish","type":"page","link":"https:\/\/uz.kocaeliaritma.com\/?page_id=364","title":{"rendered":"Ar\u0131tma"},"content":{"rendered":"<p>[vc_row][vc_column][vc_single_image image=&#8221;765&#8243; img_size=&#8221;full&#8221;]<div class=\" ubtn-ctn-center \"><a class=\"ubtn-link ult-adjust-bottom-margin ubtn-center ubtn-block \" href=\"https:\/\/uz.kocaeliaritma.com\/paket-aritma-sistemleri\/\" ><button type=\"button\" id=\"ubtn-8972\"  class=\"ubtn ult-adjust-bottom-margin ult-responsive ubtn-block ubtn-center-hz-bg  none  ubtn-sep-icon ubtn-sep-icon-at-left  ubtn-center   tooltip-69e5a0ee69f08 ubtn-block\"  data-hover=\"#ffffff\" data-border-color=\"\" data-bg=\"#008ed2\" data-hover-bg=\"#74ccba\" data-border-hover=\"\" data-shadow-hover=\"\" data-shadow-click=\"none\" data-shadow=\"\" data-shd-shadow=\"\"  data-ultimate-target='#ubtn-8972'  data-responsive-json-new='{\"font-size\":\"desktop:16px;\",\"line-height\":\"desktop:20px;\"}'  style=\"font-weight:bold;border:none;background: #008ed2;color: #ffffff;\"><span class=\"ubtn-data ubtn-icon\"><i class=\"Defaults-caret-right\" style=\"font-size:32px;color:;\"><\/i><\/span><span class=\"ubtn-hover\" style=\"background-color:#74ccba\"><\/span><span class=\"ubtn-data ubtn-text \" >Paket Ar\u0131tma Sistemleri<\/span><\/button><\/a><\/div><div class=\" ubtn-ctn-center \"><a class=\"ubtn-link ult-adjust-bottom-margin ubtn-center ubtn-block \" href=\"https:\/\/uz.kocaeliaritma.com\/evsel-atiksu-aritma-tesisleri\/\" ><button type=\"button\" id=\"ubtn-6505\"  class=\"ubtn ult-adjust-bottom-margin ult-responsive ubtn-block ubtn-center-hz-bg  none  ubtn-sep-icon ubtn-sep-icon-at-left  ubtn-center   tooltip-69e5a0ee6a153 ubtn-block\"  data-hover=\"#ffffff\" data-border-color=\"\" data-bg=\"#008ed2\" data-hover-bg=\"#74ccba\" data-border-hover=\"\" data-shadow-hover=\"\" data-shadow-click=\"none\" data-shadow=\"\" data-shd-shadow=\"\"  data-ultimate-target='#ubtn-6505'  data-responsive-json-new='{\"font-size\":\"desktop:16px;\",\"line-height\":\"desktop:20px;\"}'  style=\"font-weight:bold;border:none;background: #008ed2;color: #ffffff;\"><span class=\"ubtn-data ubtn-icon\"><i class=\"Defaults-caret-right\" style=\"font-size:32px;color:;\"><\/i><\/span><span class=\"ubtn-hover\" style=\"background-color:#74ccba\"><\/span><span class=\"ubtn-data ubtn-text \" >Evsel At\u0131ksu Ar\u0131tma Sistemleri<\/span><\/button><\/a><\/div><div class=\" ubtn-ctn-center \"><a class=\"ubtn-link ult-adjust-bottom-margin ubtn-center ubtn-block \" href=\"https:\/\/uz.kocaeliaritma.com\/endustriyel-atiksu-aritma-tesisleri\/\" ><button type=\"button\" id=\"ubtn-3574\"  class=\"ubtn ult-adjust-bottom-margin ult-responsive ubtn-block ubtn-center-hz-bg  none  ubtn-sep-icon ubtn-sep-icon-at-left  ubtn-center   tooltip-69e5a0ee6a2ca ubtn-block\"  data-hover=\"#ffffff\" data-border-color=\"\" data-bg=\"#008ed2\" data-hover-bg=\"#74ccba\" data-border-hover=\"\" data-shadow-hover=\"\" data-shadow-click=\"none\" data-shadow=\"\" data-shd-shadow=\"\"  data-ultimate-target='#ubtn-3574'  data-responsive-json-new='{\"font-size\":\"desktop:16px;\",\"line-height\":\"desktop:20px;\"}'  style=\"font-weight:bold;border:none;background: #008ed2;color: #ffffff;\"><span class=\"ubtn-data ubtn-icon\"><i class=\"Defaults-caret-right\" style=\"font-size:32px;color:;\"><\/i><\/span><span class=\"ubtn-hover\" style=\"background-color:#74ccba\"><\/span><span class=\"ubtn-data ubtn-text \" >End\u00fcstriyel At\u0131ksu Ar\u0131tma Sistemleri<\/span><\/button><\/a><\/div><div class=\" ubtn-ctn-center \"><a class=\"ubtn-link ult-adjust-bottom-margin ubtn-center ubtn-block \" href=\"https:\/\/uz.kocaeliaritma.com\/aritma-tesisi-ekipmanlari\/\" ><button type=\"button\" id=\"ubtn-1529\"  class=\"ubtn ult-adjust-bottom-margin ult-responsive ubtn-block ubtn-center-hz-bg  none  ubtn-sep-icon ubtn-sep-icon-at-left  ubtn-center   tooltip-69e5a0ee6a52d ubtn-block\"  data-hover=\"#ffffff\" data-border-color=\"\" data-bg=\"#008ed2\" data-hover-bg=\"#74ccba\" data-border-hover=\"\" data-shadow-hover=\"\" data-shadow-click=\"none\" data-shadow=\"\" data-shd-shadow=\"\"  data-ultimate-target='#ubtn-1529'  data-responsive-json-new='{\"font-size\":\"desktop:16px;\",\"line-height\":\"desktop:20px;\"}'  style=\"font-weight:bold;border:none;background: #008ed2;color: #ffffff;\"><span class=\"ubtn-data ubtn-icon\"><i class=\"Defaults-caret-right\" style=\"font-size:32px;color:;\"><\/i><\/span><span class=\"ubtn-hover\" style=\"background-color:#74ccba\"><\/span><span class=\"ubtn-data ubtn-text \" >Ar\u0131tma Tesisi Ekipmanlar\u0131<\/span><\/button><\/a><\/div><div class=\" ubtn-ctn-center \"><a class=\"ubtn-link ult-adjust-bottom-margin ubtn-center ubtn-block \" href=\"https:\/\/uz.kocaeliaritma.com\/liman-atik-kabul-tesisleri\/\" ><button type=\"button\" id=\"ubtn-3949\"  class=\"ubtn ult-adjust-bottom-margin ult-responsive ubtn-block ubtn-center-hz-bg  none  ubtn-sep-icon ubtn-sep-icon-at-left  ubtn-center   tooltip-69e5a0ee6a6d5 ubtn-block\"  data-hover=\"#ffffff\" data-border-color=\"\" data-bg=\"#008ed2\" data-hover-bg=\"#74ccba\" data-border-hover=\"\" data-shadow-hover=\"\" data-shadow-click=\"none\" data-shadow=\"\" data-shd-shadow=\"\"  data-ultimate-target='#ubtn-3949'  data-responsive-json-new='{\"font-size\":\"desktop:16px;\",\"line-height\":\"desktop:20px;\"}'  style=\"font-weight:bold;border:none;background: #008ed2;color: #ffffff;\"><span class=\"ubtn-data ubtn-icon\"><i class=\"Defaults-caret-right\" style=\"font-size:32px;color:;\"><\/i><\/span><span class=\"ubtn-hover\" style=\"background-color:#74ccba\"><\/span><span class=\"ubtn-data ubtn-text \" >Liman At\u0131k Kabul Tesisleri<\/span><\/button><\/a><\/div>[\/vc_column][\/vc_row]<\/p>\n","protected":false},"excerpt":{"rendered":"<p>[vc_row][vc_column][vc_single_image image=&#8221;765&#8243; img_size=&#8221;full&#8221;][\/vc_column][\/vc_row]<\/p>\n","protected":false},"author":1,"featured_media":0,"parent":0,"menu_order":0,"comment_status":"closed","ping_status":"closed","template":"","meta":[],"_links":{"self":[{"href":"https:\/\/uz.kocaeliaritma.com\/index.php?rest_route=\/wp\/v2\/pages\/364"}],"collection":[{"href":"https:\/\/uz.kocaeliaritma.com\/index.php?rest_route=\/wp\/v2\/pages"}],"about":[{"href":"https:\/\/uz.kocaeliaritma.com\/index.php?rest_route=\/wp\/v2\/types\/page"}],"author":[{"embeddable":true,"href":"https:\/\/uz.kocaeliaritma.com\/index.php?rest_route=\/wp\/v2\/users\/1"}],"replies":[{"embeddable":true,"href":"https:\/\/uz.kocaeliaritma.com\/index.php?rest_route=%2Fwp%2Fv2%2Fcomments&post=364"}],"version-history":[{"count":15,"href":"https:\/\/uz.kocaeliaritma.com\/index.php?rest_route=\/wp\/v2\/pages\/364\/revisions"}],"predecessor-version":[{"id":766,"href":"https:\/\/uz.kocaeliaritma.com\/index.php?rest_route=\/wp\/v2\/pages\/364\/revisions\/766"}],"wp:attachment":[{"href":"https:\/\/uz.kocaeliaritma.com\/index.php?rest_route=%2Fwp%2Fv2%2Fmedia&parent=364"}],"curies":[{"name":"wp","href":"https:\/\/api.w.org\/{rel}","templated":true}]}}