{"id":359,"date":"2018-09-23T21:18:29","date_gmt":"2018-09-23T18:18:29","guid":{"rendered":"https:\/\/uz.kocaeliaritma.com\/?page_id=359"},"modified":"2018-11-13T12:15:53","modified_gmt":"2018-11-13T09:15:53","slug":"kimyasallar","status":"publish","type":"page","link":"https:\/\/uz.kocaeliaritma.com\/?page_id=359","title":{"rendered":"Kimyasallar"},"content":{"rendered":"<p>[vc_row][vc_column][vc_single_image image=&#8221;770&#8243; img_size=&#8221;full&#8221; alignment=&#8221;center&#8221;][\/vc_column][\/vc_row][vc_row][vc_column width=&#8221;1\/3&#8243;]<span id=\"creative-link-wrap-3009\" class=\"ult_main_cl ult-adjust-bottom-margin  \" >\r\n\t \t\t\t<span class=\"ult_cl_link_2  ult_crlink\" >\r\n\t\t\t\t\t<a  data-ultimate-target='#creative-link-wrap-3009 .ult_colorlink'  data-responsive-json-new='{\"font-size\":\"desktop:16px;\",\"line-height\":\"desktop:20px;\"}'  href=\"https:\/\/uz.kocaeliaritma.com\/aritma-kimyasallari\/\"  class=\"ult_colorlink ult-responsive \" style=\"font-weight:normal; \"  data-textcolor=\"#333333\" data-texthover=\"#333333\"data-bgcolor=\"#ffffff\"data-bghover=\"#ffffff\"data-style=\"Style_2\">\r\n\t\t\t\t\t\t\r\n\t\t\t\t\t\t<span data-hover=\"Ar\u0131tma Kimyasallar\u0131\" style=\"color:#333333;;background:#ffffff;;\" class=\"ult_btn10_span   \">Ar\u0131tma Kimyasallar\u0131<\/span>\r\n\t\t\t\t\t\t\r\n\t\t\t\t\t<\/a>\r\n\t\t\t\t<\/span>\r\n\t\t\t<\/span>[\/vc_column][vc_column width=&#8221;1\/3&#8243;]<span id=\"creative-link-wrap-2596\" class=\"ult_main_cl ult-adjust-bottom-margin  \" >\r\n\t \t\t\t<span class=\"ult_cl_link_2  ult_crlink\" >\r\n\t\t\t\t\t<a  data-ultimate-target='#creative-link-wrap-2596 .ult_colorlink'  data-responsive-json-new='{\"font-size\":\"desktop:16px;\",\"line-height\":\"desktop:20px;\"}'  href=\"https:\/\/uz.kocaeliaritma.com\/su-sartlandirma-kimyasallari\/\"  class=\"ult_colorlink ult-responsive \" style=\"font-weight:normal; \"  data-textcolor=\"#333333\" data-texthover=\"#333333\"data-bgcolor=\"#ffffff\"data-bghover=\"#ffffff\"data-style=\"Style_2\">\r\n\t\t\t\t\t\t\r\n\t\t\t\t\t\t<span data-hover=\"Su \u015eartland\u0131rma Kimyasallar\u0131\" style=\"color:#333333;;background:#ffffff;;\" class=\"ult_btn10_span   \">Su \u015eartland\u0131rma Kimyasallar\u0131<\/span>\r\n\t\t\t\t\t\t\r\n\t\t\t\t\t<\/a>\r\n\t\t\t\t<\/span>\r\n\t\t\t<\/span>[\/vc_column][vc_column width=&#8221;1\/3&#8243;]<span id=\"creative-link-wrap-1528\" class=\"ult_main_cl ult-adjust-bottom-margin  \" >\r\n\t \t\t\t<span class=\"ult_cl_link_2  ult_crlink\" >\r\n\t\t\t\t\t<a  data-ultimate-target='#creative-link-wrap-1528 .ult_colorlink'  data-responsive-json-new='{\"font-size\":\"desktop:16px;\",\"line-height\":\"desktop:20px;\"}'  href=\"https:\/\/uz.kocaeliaritma.com\/diger-kimyasallar\/\"  class=\"ult_colorlink ult-responsive \" style=\"font-weight:normal; \"  data-textcolor=\"#333333\" data-texthover=\"#333333\"data-bgcolor=\"#ffffff\"data-bghover=\"#ffffff\"data-style=\"Style_2\">\r\n\t\t\t\t\t\t\r\n\t\t\t\t\t\t<span data-hover=\"Di\u011fer Kimyasallar\" style=\"color:#333333;;background:#ffffff;;\" class=\"ult_btn10_span   \">Di\u011fer Kimyasallar<\/span>\r\n\t\t\t\t\t\t\r\n\t\t\t\t\t<\/a>\r\n\t\t\t\t<\/span>\r\n\t\t\t<\/span>[\/vc_column][\/vc_row]<\/p>\n","protected":false},"excerpt":{"rendered":"<p>[vc_row][vc_column][vc_single_image image=&#8221;770&#8243; img_size=&#8221;full&#8221; alignment=&#8221;center&#8221;][\/vc_column][\/vc_row][vc_row][vc_column width=&#8221;1\/3&#8243;][\/vc_column][vc_column width=&#8221;1\/3&#8243;][\/vc_column][vc_column width=&#8221;1\/3&#8243;][\/vc_column][\/vc_row]<\/p>\n","protected":false},"author":1,"featured_media":0,"parent":0,"menu_order":0,"comment_status":"closed","ping_status":"closed","template":"","meta":[],"_links":{"self":[{"href":"https:\/\/uz.kocaeliaritma.com\/index.php?rest_route=\/wp\/v2\/pages\/359"}],"collection":[{"href":"https:\/\/uz.kocaeliaritma.com\/index.php?rest_route=\/wp\/v2\/pages"}],"about":[{"href":"https:\/\/uz.kocaeliaritma.com\/index.php?rest_route=\/wp\/v2\/types\/page"}],"author":[{"embeddable":true,"href":"https:\/\/uz.kocaeliaritma.com\/index.php?rest_route=\/wp\/v2\/users\/1"}],"replies":[{"embeddable":true,"href":"https:\/\/uz.kocaeliaritma.com\/index.php?rest_route=%2Fwp%2Fv2%2Fcomments&post=359"}],"version-history":[{"count":6,"href":"https:\/\/uz.kocaeliaritma.com\/index.php?rest_route=\/wp\/v2\/pages\/359\/revisions"}],"predecessor-version":[{"id":772,"href":"https:\/\/uz.kocaeliaritma.com\/index.php?rest_route=\/wp\/v2\/pages\/359\/revisions\/772"}],"wp:attachment":[{"href":"https:\/\/uz.kocaeliaritma.com\/index.php?rest_route=%2Fwp%2Fv2%2Fmedia&parent=359"}],"curies":[{"name":"wp","href":"https:\/\/api.w.org\/{rel}","templated":true}]}}