{"id":353,"date":"2018-09-23T21:14:42","date_gmt":"2018-09-23T18:14:42","guid":{"rendered":"https:\/\/uz.kocaeliaritma.com\/?page_id=353"},"modified":"2023-01-31T20:04:35","modified_gmt":"2023-01-31T17:04:35","slug":"laboratuvar","status":"publish","type":"page","link":"https:\/\/uz.kocaeliaritma.com\/?page_id=353","title":{"rendered":"\u041b\u0430\u0431\u043e\u0440\u0430\u0442\u043e\u0440\u043d\u044b\u0435 \u0443\u0441\u043b\u0443\u0433\u0438"},"content":{"rendered":"<p>[vc_row][vc_column][vc_single_image image=&#8221;525&#8243; img_size=&#8221;full&#8221;][vc_column_text]\u041a\u043e\u043c\u043f\u0430\u043d\u0438\u044f Kocaeli Ar\u0131tma \u043f\u0440\u0435\u0434\u043e\u0441\u0442\u0430\u0432\u043b\u044f\u0435\u0442 \u0441\u0432\u043e\u0438\u043c \u043a\u043b\u0438\u0435\u043d\u0442\u0430\u043c \u043b\u0430\u0431\u043e\u0440\u0430\u0442\u043e\u0440\u043d\u044b\u0435 \u0443\u0441\u043b\u0443\u0433\u0438 \u0432 \u043e\u0431\u043b\u0430\u0441\u0442\u0438 \u043e\u0447\u0438\u0441\u0442\u043a\u0438 \u0432\u043e\u0434\u044b \u0438 \u0441\u0442\u043e\u0447\u043d\u044b\u0445 \u0432\u043e\u0434, \u0430 \u0442\u0430\u043a\u0436\u0435 \u043f\u0440\u043e\u0446\u0435\u0441\u0441\u043e\u0432 \u0432\u043e\u0434\u043e\u043f\u043e\u0434\u0433\u043e\u0442\u043e\u0432\u043a\u0438. \u041e\u0441\u043d\u043e\u0432\u043d\u044b\u0435 \u043f\u0440\u0435\u0434\u043b\u0430\u0433\u0430\u0435\u043c\u044b\u0435 \u043d\u0430\u043c\u0438 \u043b\u0430\u0431\u043e\u0440\u0430\u0442\u043e\u0440\u043d\u044b\u0435 \u0443\u0441\u043b\u0443\u0433\u0438:<\/p>\n<p>\u2022 \u0418\u0441\u0441\u043b\u0435\u0434\u043e\u0432\u0430\u043d\u0438\u0435 \u0432\u043e\u0437\u043c\u043e\u0436\u043d\u043e\u0441\u0442\u0438 \u043e\u0447\u0438\u0441\u0442\u043a\u0438 \u043f\u0440\u043e\u043c\u044b\u0448\u043b\u0435\u043d\u043d\u044b\u0445 \u0441\u0442\u043e\u0447\u043d\u044b\u0445 \u0432\u043e\u0434<br \/>\n\u2022 \u0410\u043d\u0430\u043b\u0438\u0437 \u0432\u043e\u0434\u044b \u043d\u0430 \u0432\u044b\u0445\u043e\u0434\u0435 \u043e\u0447\u0438\u0441\u0442\u043d\u044b\u0445 \u0441\u043e\u043e\u0440\u0443\u0436\u0435\u043d\u0438\u0439<br \/>\n\u2022 \u0410\u043a\u043a\u0440\u0435\u0434\u0438\u0442\u043e\u0432\u0430\u043d\u043d\u044b\u0439 \u043e\u0442\u0431\u043e\u0440 \u043f\u0440\u043e\u0431 \u0438 \u0438\u0437\u043c\u0435\u0440\u0435\u043d\u0438\u044f<br \/>\n\u2022 \u0410\u043d\u0430\u043b\u0438\u0437 \u043f\u0440\u043e\u0446\u0435\u0441\u0441\u043e\u0432 \u043a\u043e\u043d\u0434\u0438\u0446\u0438\u043e\u043d\u0438\u0440\u043e\u0432\u0430\u043d\u0438\u044f \u0432\u043e\u0434\u044b[\/vc_column_text]\n<div id=\"interactive-banner-1-wrap-9763\" class=\"ult-banner-block ult-adjust-bottom-margin ult-bb-none  banner-style01 \"   style=\"\">\n\t<img src=\"https:\/\/uz.kocaeliaritma.com\/wp-content\/uploads\/2018\/10\/jartes.png\" alt=\"null\">\n\t<h3  data-ultimate-target='#interactive-banner-1-wrap-9763 .bb-top-title '  data-responsive-json-new='{\"font-size\":\"\",\"line-height\":\"\"}'  class=\"title-center bb-top-title ult-responsive\" style=\"font-weight:normal;background:#242424;color:#ffffff;\">Jar Test<\/h3>\n\t<div class=\"mask opaque-background\" style=\"background:rgba(130,36,227,0.51);\">\n\t\t<div  data-ultimate-target='#interactive-banner-1-wrap-9763 .bb-description'  data-responsive-json-new='{\"font-size\":\"\",\"line-height\":\"\"}'  class=\"bb-description ult-responsive\" style=\"font-weight:normal;color:#ffffff;\">Jar Test, (at\u0131ksu ar\u0131t\u0131labilirlik \u00e7al\u0131\u015fmas\u0131), bir at\u0131ksu ar\u0131tma tesisinin kurulmas\u0131ndaki en \u00f6nemli safhad\u0131r. Jar test sonu\u00e7lar\u0131na g\u00f6re ar\u0131tma tesisleri dizayn edilir, projelendirilir ve kurulur.<\/p>\n<p>Jart test sonucunda, at\u0131ksuyunuzun ne \u015fekilde hangi \u015fartlar alt\u0131nda ar\u0131t\u0131labilece\u011fi ve ar\u0131t\u0131m i\u015flemi sonunda olu\u015facak \u00e7amur miktar\u0131, ar\u0131t\u0131lm\u0131\u015f at\u0131ksuyun niteli\u011fi ve yeniden kullan\u0131labilirlik durumu hakk\u0131nda detayl\u0131 \u00e7\u0131kar\u0131mlar sa\u011flan\u0131r.<\/div>\n\t<\/div>\n<\/div>[vc_custom_heading text=&#8221;\u0418\u0437\u043e\u0431\u0440\u0430\u0436\u0435\u043d\u0438\u044f \u0438\u0437 \u043d\u0435\u043a\u043e\u0442\u043e\u0440\u044b\u0445 \u043f\u0440\u043e\u0432\u043e\u0434\u0438\u043c\u044b\u0445 \u043d\u0430\u043c\u0438 \u0414\u0436\u0430\u0440-\u0442\u0435\u0441\u0442\u043e\u0432&#8221; google_fonts=&#8221;font_family:Exo%3A100%2C100italic%2C200%2C200italic%2C300%2C300italic%2Cregular%2Citalic%2C500%2C500italic%2C600%2C600italic%2C700%2C700italic%2C800%2C800italic%2C900%2C900italic|font_style:400%20regular%3A400%3Anormal&#8221;][\/vc_column][\/vc_row][vc_row][vc_column width=&#8221;1\/2&#8243;][vc_video link=&#8221;https:\/\/www.youtube.com\/watch?v=NvO4Ccnr8zs&#8221; align=&#8221;center&#8221;][vc_video link=&#8221;https:\/\/www.youtube.com\/watch?v=72CKvup4G7Q&#8221; align=&#8221;center&#8221;][vc_video link=&#8221;https:\/\/www.youtube.com\/watch?v=E_HIB6nkM54&#8243; align=&#8221;center&#8221;][\/vc_column][vc_column width=&#8221;1\/2&#8243;][vc_video link=&#8221;https:\/\/www.youtube.com\/watch?v=Ph_r8VjCz9M&#8221; align=&#8221;center&#8221;][vc_video link=&#8221;https:\/\/www.youtube.com\/watch?v=TKsYCo2kVQs&#8221; align=&#8221;center&#8221;][\/vc_column][\/vc_row][vc_row][vc_column width=&#8221;1\/4&#8243;][vc_icon icon_fontawesome=&#8221;fa fa-youtube&#8221; color=&#8221;custom&#8221; size=&#8221;lg&#8221; align=&#8221;center&#8221; link=&#8221;url:https%3A%2F%2Fwww.youtube.com%2Fchannel%2FUCpVNnFCYkvDrMREAtptl7Jg|||&#8221;][\/vc_column][vc_column width=&#8221;3\/4&#8243;][vc_column_text]\u0414\u043b\u044f \u043f\u043e\u043b\u0443\u0447\u0435\u043d\u0438\u044f \u0438\u0437\u043e\u0431\u0440\u0430\u0436\u0435\u043d\u0438\u0439 \u0434\u0440\u0443\u0433\u0438\u0445 \u043f\u0440\u043e\u0432\u043e\u0434\u0438\u043c\u044b\u0445 \u043d\u0430\u043c\u0438 \u0438\u0441\u0441\u043b\u0435\u0434\u043e\u0432\u0430\u043d\u0438\u0439, \u0432\u044b \u043c\u043e\u0436\u0435\u0442\u0435 \u043f\u043e\u0441\u0435\u0442\u0438\u0442\u044c \u043d\u0430\u0448\u0443 \u0441\u0442\u0440\u0430\u043d\u0438\u0446\u0443 \u043d\u0430 <a href=\"https:\/\/www.youtube.com\/channel\/UCpVNnFCYkvDrMREAtptl7Jg\/videos\">YouTube<\/a><\/p>\n<p>[\/vc_column_text][\/vc_column][\/vc_row]<\/p>\n","protected":false},"excerpt":{"rendered":"<p>[vc_row][vc_column][vc_single_image image=&#8221;525&#8243; img_size=&#8221;full&#8221;][vc_column_text]\u041a\u043e\u043c\u043f\u0430\u043d\u0438\u044f Kocaeli Ar\u0131tma \u043f\u0440\u0435\u0434\u043e\u0441\u0442\u0430\u0432\u043b\u044f\u0435\u0442 \u0441\u0432\u043e\u0438\u043c \u043a\u043b\u0438\u0435\u043d\u0442\u0430\u043c \u043b\u0430\u0431\u043e\u0440\u0430\u0442\u043e\u0440\u043d\u044b\u0435 \u0443\u0441\u043b\u0443\u0433\u0438 \u0432 \u043e\u0431\u043b\u0430\u0441\u0442\u0438 \u043e\u0447\u0438\u0441\u0442\u043a\u0438 \u0432\u043e\u0434\u044b \u0438 \u0441\u0442\u043e\u0447\u043d\u044b\u0445 \u0432\u043e\u0434, \u0430 \u0442\u0430\u043a\u0436\u0435 \u043f\u0440\u043e\u0446\u0435\u0441\u0441\u043e\u0432 \u0432\u043e\u0434\u043e\u043f\u043e\u0434\u0433\u043e\u0442\u043e\u0432\u043a\u0438. \u041e\u0441\u043d\u043e\u0432\u043d\u044b\u0435 \u043f\u0440\u0435\u0434\u043b\u0430\u0433\u0430\u0435\u043c\u044b\u0435 \u043d\u0430\u043c\u0438 \u043b\u0430\u0431\u043e\u0440\u0430\u0442\u043e\u0440\u043d\u044b\u0435 \u0443\u0441\u043b\u0443\u0433\u0438: \u2022 \u0418\u0441\u0441\u043b\u0435\u0434\u043e\u0432\u0430\u043d\u0438\u0435 \u0432\u043e\u0437\u043c\u043e\u0436\u043d\u043e\u0441\u0442\u0438 \u043e\u0447\u0438\u0441\u0442\u043a\u0438 \u043f\u0440\u043e\u043c\u044b\u0448\u043b\u0435\u043d\u043d\u044b\u0445 \u0441\u0442\u043e\u0447\u043d\u044b\u0445 \u0432\u043e\u0434 \u2022 \u0410\u043d\u0430\u043b\u0438\u0437 \u0432\u043e\u0434\u044b \u043d\u0430 \u0432\u044b\u0445\u043e\u0434\u0435 \u043e\u0447\u0438\u0441\u0442\u043d\u044b\u0445 \u0441\u043e\u043e\u0440\u0443\u0436\u0435\u043d\u0438\u0439 \u2022 \u0410\u043a\u043a\u0440\u0435\u0434\u0438\u0442\u043e\u0432\u0430\u043d\u043d\u044b\u0439 \u043e\u0442\u0431\u043e\u0440 \u043f\u0440\u043e\u0431 \u0438 \u0438\u0437\u043c\u0435\u0440\u0435\u043d\u0438\u044f \u2022 \u0410\u043d\u0430\u043b\u0438\u0437 \u043f\u0440\u043e\u0446\u0435\u0441\u0441\u043e\u0432 \u043a\u043e\u043d\u0434\u0438\u0446\u0438\u043e\u043d\u0438\u0440\u043e\u0432\u0430\u043d\u0438\u044f \u0432\u043e\u0434\u044b[\/vc_column_text][vc_custom_heading text=&#8221;\u0418\u0437\u043e\u0431\u0440\u0430\u0436\u0435\u043d\u0438\u044f \u0438\u0437 \u043d\u0435\u043a\u043e\u0442\u043e\u0440\u044b\u0445 \u043f\u0440\u043e\u0432\u043e\u0434\u0438\u043c\u044b\u0445 [&hellip;]<\/p>\n","protected":false},"author":1,"featured_media":0,"parent":0,"menu_order":0,"comment_status":"closed","ping_status":"closed","template":"","meta":[],"_links":{"self":[{"href":"https:\/\/uz.kocaeliaritma.com\/index.php?rest_route=\/wp\/v2\/pages\/353"}],"collection":[{"href":"https:\/\/uz.kocaeliaritma.com\/index.php?rest_route=\/wp\/v2\/pages"}],"about":[{"href":"https:\/\/uz.kocaeliaritma.com\/index.php?rest_route=\/wp\/v2\/types\/page"}],"author":[{"embeddable":true,"href":"https:\/\/uz.kocaeliaritma.com\/index.php?rest_route=\/wp\/v2\/users\/1"}],"replies":[{"embeddable":true,"href":"https:\/\/uz.kocaeliaritma.com\/index.php?rest_route=%2Fwp%2Fv2%2Fcomments&post=353"}],"version-history":[{"count":13,"href":"https:\/\/uz.kocaeliaritma.com\/index.php?rest_route=\/wp\/v2\/pages\/353\/revisions"}],"predecessor-version":[{"id":963,"href":"https:\/\/uz.kocaeliaritma.com\/index.php?rest_route=\/wp\/v2\/pages\/353\/revisions\/963"}],"wp:attachment":[{"href":"https:\/\/uz.kocaeliaritma.com\/index.php?rest_route=%2Fwp%2Fv2%2Fmedia&parent=353"}],"curies":[{"name":"wp","href":"https:\/\/api.w.org\/{rel}","templated":true}]}}